{"id":2384,"date":"2021-08-25T09:08:47","date_gmt":"2021-08-25T09:08:47","guid":{"rendered":"https:\/\/jautomatica.es\/2021\/?page_id=2384"},"modified":"2021-08-30T08:05:47","modified_gmt":"2021-08-30T08:05:47","slug":"programa-final","status":"publish","type":"page","link":"https:\/\/jautomatica.es\/2021\/programa-final\/","title":{"rendered":"Programa Final"},"content":{"rendered":"<h2><span style=\"color: #000000;\"><strong>Mi\u00e9rcoles, 1 de septiembre de 2021<\/strong><\/span><\/h2>\n\n\n<figure class=\"wp-block-table\"><table><tbody><tr><td>9:00-12:00<\/td><td>Formaci\u00f3n equipos CEABOT (Sala 2 Online)<\/td><\/tr><tr><td>10:30h &#8211; 13:30h<\/td><td>Reuni\u00f3n Junta Directiva CEA<br>(<em>Sala de Juntas ESTCE<\/em> \/ <a href=\"https:\/\/jautomatica.es\/2021\/sala-principal-sesiones-online\/\" data-type=\"URL\" data-id=\"https:\/\/jautomatica.es\/2021\/sala-principal-sesiones-online\/\"><\/a>Sala 3 Online)<\/td><\/tr><tr><td>13:30h &#8211; 15:00h<\/td><td>Registro Hall<br>(<em>Edificio ESTCE<\/em>)<\/td><\/tr><tr><td>14:30 &#8211; 15:30h<\/td><td>Reuni\u00f3n RIAI<br>(<em>Sala de juntas ESTCE<\/em> \/ Sala 3 Online)<\/td><\/tr><tr><td>15:30 &#8211; 17:00h<\/td><td>Reuni\u00f3n Grupos trabajo<br>\u2022 Bioingenier\u00eda (<em>TD2102AA<\/em> \/ Sala 4 Online)<br>\u2022 Educaci\u00f3n en Aut. <em>(TD2105AA<\/em> \/ Sala 5 Online)<br>\u2022 Modelado, Sim. y Opt. (<em>TD2106AA<\/em> \/ Sala 6 Online)<br>\u2022 Rob\u00f3tica <em>(TD2101AA<\/em> \/ Sala 7 Online)<br>(<em>Planta primera ESTCE<\/em>)<\/td><\/tr><tr><td>17:00h &#8211; 17:30h<\/td><td>Caf\u00e9 (<em>Cafeter\u00eda ESTCE<\/em>)<br>P\u00f3steres (<em>Planta primera ESTCE<\/em> \/<em> Sala P\u00f3steres Online<\/em>)<\/td><\/tr><tr><td>18:00h &#8211; 18:30h<\/td><td>Inauguraci\u00f3n Jornadas<br>(<em>Paraninfo<\/em> \/ Sala Principal Online)<\/td><\/tr><tr><td>18:30h &#8211; 19:15h<\/td><td>Conferencia Plenaria. Prof. Cristina Botella<br>(<em>Paraninfo<\/em> \/ Sala Principal Online)<\/td><\/tr><tr><td>20:00h<\/td><td>C\u00f3ctel de bienvenida<br><em>(Restaurante Brunch en el Casino Antiguo de Castell\u00f3n<\/em>)<\/td><\/tr><\/tbody><\/table><\/figure>\n\n\n<h2><span style=\"color: #000000;\"><strong>Jueves, 2 de septiembre de 2021<\/strong><\/span><\/h2>\n\n\n<figure class=\"wp-block-table\"><table><tbody><tr><td>09:00h &#8211; 10:30h<\/td><td>Reuni\u00f3n Grupos:<br>\u2022 Bioingenier\u00eda (<em>TD2102AA<\/em> \/ Sala 4 Online)<br>\u2022 AUTOMAR (<em>TD2105AA<\/em> \/ Sala 2 Online)<br>\u2022 Ing. Control (<em>TD2106AA<\/em> \/ Sala 5 Online)<br>\u2022 Visi\u00f3n (<em>TD2101AA<\/em> \/ Sala 6 Online)<br>(<em>Planta primera ESTCE<\/em>)<\/td><\/tr><tr><td>10:30h &#8211; 11:00h<\/td><td>Caf\u00e9 (<em>Cafeter\u00eda ESTCE<\/em>)<br>P\u00f3steres (<em>Planta primera ESTCE<\/em> \/<em> Sala P\u00f3steres Online<\/em>)<\/td><\/tr><tr><td>11:00h &#8211; 11:45h<\/td><td>Conferencia Plenaria: <strong>Dr. Giacomo Lunghi<\/strong><br>(<em>Aula Magna ESTCE<\/em> \/ Sala Principal Online)<\/td><\/tr><tr><td>12:00h &#8211; 13:30h<\/td><td>Reuni\u00f3n Grupos:<br>\u2022 Rob\u00f3tica (<em>TD2101AA<\/em> \/ Sala 7 Online)<br>\u2022 Control Int. (<em>TD2105AA<\/em> \/ Sala 4 Online)<br>\u2022 Comp. y Control <em>(TD2102AA<\/em> \/ Sala 5 Online)<br>\u2022 Visi\u00f3n (<em>TD2106AA<\/em> \/ Sala 6 Online)<br>(<em>Planta primera ESTCE<\/em>)<\/td><\/tr><tr><td>13:45h &#8211; 15:00h<\/td><td>Comida<br>(<em>Cafeter\u00eda ESTCE<\/em>)<\/td><\/tr><tr><td>15:15h &#8211; 16:00h<\/td><td>Conferencia Plenaria: <strong>Prof. Vicent Botti<\/strong><br>(<em>Aula Magna ESTCE<\/em> \/ Sala Principal Online)<\/td><\/tr><tr><td>16:00h &#8211; 17:00h<\/td><td>Mesa Redonda (IA). Modera: <strong>Prof. Rafael Berlanga<\/strong><br>(<em>Aula Magna ESTCE<\/em> \/ Sala Principal Online)<\/td><\/tr><tr><td>18:00h<\/td><td>Visita Tur\u00edstica<br>\u201cBenic\u00e0ssim Belle \u00c9poque\u201d<\/td><\/tr><tr><td>20:30h<\/td><td>Cena de Gala \u201cClub El Palasiet\u201d<br>Benic\u00e0ssim<\/td><\/tr><\/tbody><\/table><\/figure>\n\n\n<h2><span style=\"color: #000000;\"><strong>Viernes, 3 de septiembre de 2021<\/strong><\/span><\/h2>\n\n\n<figure class=\"wp-block-table\"><table><tbody><tr><td>9:30h &#8211; 11:00h<\/td><td>Concurso CEABOT (Sala 2 Online)<br>P\u00f3steres (<em>Planta primera ESTCE<\/em> \/<em> Sala P\u00f3steres Online<\/em>)<\/td><\/tr><tr><td>9:30h &#8211; 10:30h<\/td><td>Mesa Redonda: La mujer en el sector profesional de la autom\u00e1tica<br>Modera: <strong>Prof. Montserrat Gil<\/strong><br>(<em>Aula Magna ESTCE<\/em> \/ Sala Principal Online)<\/td><\/tr><tr><td>10:30h &#8211; 11:00h<\/td><td>Caf\u00e9 (<em>Cafeter\u00eda ESTCE<\/em>)<br>P\u00f3steres (<em>Planta primera ESTCE<\/em> \/<em> Sala P\u00f3steres Online<\/em>)<\/td><\/tr><tr><td>11:10h &#8211; 12:10h<\/td><td>Visita T\u00e9cnica<br><em>CIRTESU \/ INIT (Campus UJI)<\/em><\/td><\/tr><tr><td>12:25h &#8211; 12:50h<br>12:50h &#8211; 13:00h<br>13:00h &#8211; 13:15h<br>13:15h &#8211; 13:40h<br>13:40h &#8211; 14:10h<br>14:10h &#8211; 14:30h<br><\/td><td>Empresas (flash)<br>Premio Siemens<br>Homenaje Jubilados<br>Premios GT &amp; Concursos<br>Asamblea CEA<br>Clausura Jornadas<br><em>(ESTCE Aula Magna<\/em> \/ Sala Principal Online)<\/td><\/tr><tr><td>14:30h &#8211; 15:30h<\/td><td>Tapas de despedida. <em>Jard\u00edn de los sentidos<\/em><\/td><\/tr><\/tbody><\/table><\/figure>\n\n\n\n<p><\/p>\n","protected":false},"excerpt":{"rendered":"<p>Mi\u00e9rcoles, 1 de septiembre de 2021 9:00-12:00 Formaci\u00f3n equipos CEABOT (Sala 2 Online) 10:30h &#8211; 13:30h Reuni\u00f3n Junta Directiva CEA(Sala de Juntas ESTCE \/ Sala 3 Online) 13:30h &#8211; 15:00h Registro Hall(Edificio ESTCE) 14:30 &#8211; 15:30h Reuni\u00f3n RIAI(Sala de juntas [&hellip;]<\/p>\n","protected":false},"author":3,"featured_media":0,"parent":0,"menu_order":0,"comment_status":"closed","ping_status":"closed","template":"","meta":{"_monsterinsights_skip_tracking":false,"_monsterinsights_sitenote_active":false,"_monsterinsights_sitenote_note":"","_monsterinsights_sitenote_category":0},"_links":{"self":[{"href":"https:\/\/jautomatica.es\/2021\/wp-json\/wp\/v2\/pages\/2384"}],"collection":[{"href":"https:\/\/jautomatica.es\/2021\/wp-json\/wp\/v2\/pages"}],"about":[{"href":"https:\/\/jautomatica.es\/2021\/wp-json\/wp\/v2\/types\/page"}],"author":[{"embeddable":true,"href":"https:\/\/jautomatica.es\/2021\/wp-json\/wp\/v2\/users\/3"}],"replies":[{"embeddable":true,"href":"https:\/\/jautomatica.es\/2021\/wp-json\/wp\/v2\/comments?post=2384"}],"version-history":[{"count":29,"href":"https:\/\/jautomatica.es\/2021\/wp-json\/wp\/v2\/pages\/2384\/revisions"}],"predecessor-version":[{"id":2453,"href":"https:\/\/jautomatica.es\/2021\/wp-json\/wp\/v2\/pages\/2384\/revisions\/2453"}],"wp:attachment":[{"href":"https:\/\/jautomatica.es\/2021\/wp-json\/wp\/v2\/media?parent=2384"}],"curies":[{"name":"wp","href":"https:\/\/api.w.org\/{rel}","templated":true}]}}