{"id":2262,"date":"2021-05-18T09:42:29","date_gmt":"2021-05-18T09:42:29","guid":{"rendered":"https:\/\/jautomatica.es\/2021\/?page_id=2262"},"modified":"2021-07-17T07:31:44","modified_gmt":"2021-07-17T07:31:44","slug":"fechas-importantes-2","status":"publish","type":"page","link":"https:\/\/jautomatica.es\/2021\/fechas-importantes-2\/","title":{"rendered":"Fechas Importantes"},"content":{"rendered":"\n<p>Recepci\u00f3n de las comunicaciones: desde el 21 de mayo hasta el <strong>25 de junio<\/strong> (Plazo extendido e Improrrogable)<br>Notificaci\u00f3n de comunicaciones aceptadas: hasta el 9 de julio<br>Cierre de env\u00edo de comunicaciones definitivas: hasta el 19 de julio<br>Plazo de inscripci\u00f3n con tarifa reducida y <strong>asistencia presencial<\/strong>: hasta el <s>16<\/s><strong> 21 de julio<\/strong> (<strong>Improrrogable<\/strong>).<\/p>\n\n\n\n<p>Celebraci\u00f3n Jornadas: 1 al 3 de Septiembre 2021<\/p>\n\n\n\n<p><\/p>\n","protected":false},"excerpt":{"rendered":"<p>Recepci\u00f3n de las comunicaciones: desde el 21 de mayo hasta el 25 de junio (Plazo extendido e Improrrogable)Notificaci\u00f3n de comunicaciones aceptadas: hasta el 9 de julioCierre de env\u00edo de comunicaciones definitivas: hasta el 19 de julioPlazo de inscripci\u00f3n con tarifa [&hellip;]<\/p>\n","protected":false},"author":3,"featured_media":0,"parent":0,"menu_order":0,"comment_status":"closed","ping_status":"closed","template":"","meta":{"_monsterinsights_skip_tracking":false,"_monsterinsights_sitenote_active":false,"_monsterinsights_sitenote_note":"","_monsterinsights_sitenote_category":0},"_links":{"self":[{"href":"https:\/\/jautomatica.es\/2021\/wp-json\/wp\/v2\/pages\/2262"}],"collection":[{"href":"https:\/\/jautomatica.es\/2021\/wp-json\/wp\/v2\/pages"}],"about":[{"href":"https:\/\/jautomatica.es\/2021\/wp-json\/wp\/v2\/types\/page"}],"author":[{"embeddable":true,"href":"https:\/\/jautomatica.es\/2021\/wp-json\/wp\/v2\/users\/3"}],"replies":[{"embeddable":true,"href":"https:\/\/jautomatica.es\/2021\/wp-json\/wp\/v2\/comments?post=2262"}],"version-history":[{"count":5,"href":"https:\/\/jautomatica.es\/2021\/wp-json\/wp\/v2\/pages\/2262\/revisions"}],"predecessor-version":[{"id":2341,"href":"https:\/\/jautomatica.es\/2021\/wp-json\/wp\/v2\/pages\/2262\/revisions\/2341"}],"wp:attachment":[{"href":"https:\/\/jautomatica.es\/2021\/wp-json\/wp\/v2\/media?parent=2262"}],"curies":[{"name":"wp","href":"https:\/\/api.w.org\/{rel}","templated":true}]}}