{"id":2048,"date":"2020-07-23T07:35:56","date_gmt":"2020-07-23T07:35:56","guid":{"rendered":"http:\/\/jautomatica.es\/?page_id=2048"},"modified":"2021-11-17T10:06:35","modified_gmt":"2021-11-17T10:06:35","slug":"informacion-importante","status":"publish","type":"page","link":"https:\/\/jautomatica.es\/2021\/","title":{"rendered":"Jornadas Autom\u00e1tica 2021"},"content":{"rendered":"\n<p class=\"has-normal-font-size\">Comit\u00e9 Espa\u00f1ol de Autom\u00e1tica.<\/p>\n\n\n\n<p class=\"has-normal-font-size\">Organizaci\u00f3n local: <strong>Universidad Jaume I de Castell\u00f3n<\/strong><\/p>\n\n\n\n<p class=\"has-normal-font-size\"><strong>1 a 3 de Septiembre<\/strong><\/p>\n\n\n\n<div class=\"wp-block-group\"><div class=\"wp-block-group__inner-container\">\n<p><\/p>\n\n\n\n<p class=\"has-text-align-left has-pale-cyan-blue-background-color has-background has-normal-font-size\"><strong>ACTAS DEL CONGRESO <\/strong><\/p>\n\n\n\n<p class=\"has-text-align-left has-pale-cyan-blue-background-color has-background has-normal-font-size\">Comunicaciones Individuales ordenadas por t\u00edtulo: <a href=\"https:\/\/ruc.udc.es\/dspace\/handle\/2183\/28228\/browse?type=title\" data-type=\"URL\" data-id=\"https:\/\/ruc.udc.es\/dspace\/handle\/2183\/28228\/browse?type=title\">https:\/\/ruc.udc.es\/dspace\/handle\/2183\/28228\/browse?type=title<\/a>\n<br>\nLibro Completo: <a href=\"https:\/\/doi.org\/10.17979\/spudc.9788497498043\" data-type=\"URL\" data-id=\"https:\/\/doi.org\/10.17979\/spudc.9788497498043\">https:\/\/doi.org\/10.17979\/spudc.9788497498043<\/a>\n<\/p>\n<\/div><\/div>\n\n\n\n<div class=\"wp-block-group\"><div class=\"wp-block-group__inner-container\">\n<div class=\"wp-block-group\"><div class=\"wp-block-group__inner-container\"><\/div><\/div>\n<\/div><\/div>\n\n\n\n<div class=\"wp-block-columns are-vertically-aligned-center\">\n<div class=\"wp-block-column is-vertically-aligned-center\" style=\"flex-basis:100%\"><\/div>\n<\/div>\n\n\n\n<div class=\"wp-block-image is-style-default\"><figure class=\"aligncenter size-large\"><img loading=\"lazy\" width=\"1024\" height=\"293\" src=\"https:\/\/jautomatica.es\/2021\/wp-content\/uploads\/2021\/08\/banner-web-automatica_version2-1024x293.jpg\" alt=\"\" class=\"wp-image-2457\"\/><figcaption>Organizaci\u00f3n local Universidad Jaume I de Castell\u00f3n<\/figcaption><\/figure><\/div>\n","protected":false},"excerpt":{"rendered":"<p>Comit\u00e9 Espa\u00f1ol de Autom\u00e1tica. Organizaci\u00f3n local: Universidad Jaume I de Castell\u00f3n 1 a 3 de Septiembre<\/p>\n","protected":false},"author":3,"featured_media":1777,"parent":0,"menu_order":0,"comment_status":"closed","ping_status":"closed","template":"","meta":{"_monsterinsights_skip_tracking":false,"_monsterinsights_sitenote_active":false,"_monsterinsights_sitenote_note":"","_monsterinsights_sitenote_category":0},"_links":{"self":[{"href":"https:\/\/jautomatica.es\/2021\/wp-json\/wp\/v2\/pages\/2048"}],"collection":[{"href":"https:\/\/jautomatica.es\/2021\/wp-json\/wp\/v2\/pages"}],"about":[{"href":"https:\/\/jautomatica.es\/2021\/wp-json\/wp\/v2\/types\/page"}],"author":[{"embeddable":true,"href":"https:\/\/jautomatica.es\/2021\/wp-json\/wp\/v2\/users\/3"}],"replies":[{"embeddable":true,"href":"https:\/\/jautomatica.es\/2021\/wp-json\/wp\/v2\/comments?post=2048"}],"version-history":[{"count":45,"href":"https:\/\/jautomatica.es\/2021\/wp-json\/wp\/v2\/pages\/2048\/revisions"}],"predecessor-version":[{"id":2471,"href":"https:\/\/jautomatica.es\/2021\/wp-json\/wp\/v2\/pages\/2048\/revisions\/2471"}],"wp:featuredmedia":[{"embeddable":true,"href":"https:\/\/jautomatica.es\/2021\/wp-json\/wp\/v2\/media\/1777"}],"wp:attachment":[{"href":"https:\/\/jautomatica.es\/2021\/wp-json\/wp\/v2\/media?parent=2048"}],"curies":[{"name":"wp","href":"https:\/\/api.w.org\/{rel}","templated":true}]}}