{"id":137,"date":"2018-09-13T10:45:34","date_gmt":"2018-09-13T10:45:34","guid":{"rendered":"http:\/\/selu.es\/jornadas2019\/?page_id=137"},"modified":"2021-07-20T08:18:17","modified_gmt":"2021-07-20T08:18:17","slug":"inscripciones","status":"publish","type":"page","link":"https:\/\/jautomatica.es\/2021\/inscripciones\/","title":{"rendered":"Inscripciones"},"content":{"rendered":"<h2 class=\"section-title multiple-title\"><span style=\"color: #d2007b;\">Cuotas de inscripci\u00f3n<\/span><\/h2>\n<div><\/div>\n<div><\/div>\n<div>\n<table>\n<tbody>\n<tr>\n<td rowspan=\"2\" width=\"140\"><\/td>\n<td colspan=\"2\" width=\"105\"><strong>Hasta el 21 de Julio<\/strong><\/td>\n<td rowspan=\"2\" width=\"120\"><strong>Desde el 22 de Julio<\/strong><\/p>\n<p>Online exclusivo<\/td>\n<\/tr>\n<tr>\n<td width=\"48\">Presencial<\/td>\n<td width=\"57\">Online<\/td>\n<\/tr>\n<tr>\n<td width=\"140\">Asistente CEA<\/td>\n<td width=\"48\">375\u20ac<\/td>\n<td width=\"57\">150\u20ac<\/td>\n<td width=\"120\">200\u20ac<\/td>\n<\/tr>\n<tr>\n<td width=\"140\">Asistente no CEA<\/td>\n<td width=\"48\">435\u20ac<\/td>\n<td width=\"57\">175\u20ac<\/td>\n<td width=\"120\">225\u20ac<\/td>\n<\/tr>\n<tr>\n<td width=\"140\">Estudiante CEA*<\/td>\n<td width=\"48\">275\u20ac<\/td>\n<td width=\"57\">100\u20ac<\/td>\n<td width=\"120\">150\u20ac<\/td>\n<\/tr>\n<tr>\n<td width=\"140\">Estudiante no CEA*<\/td>\n<td width=\"48\">335\u20ac<\/td>\n<td width=\"57\">135\u20ac<\/td>\n<td width=\"120\">185\u20ac<\/td>\n<\/tr>\n<tr>\n<td width=\"140\">Acompa\u00f1ante**<\/td>\n<td width=\"48\">60\u20ac<\/td>\n<td width=\"57\"><\/td>\n<td width=\"120\"><\/td>\n<\/tr>\n<\/tbody>\n<\/table>\n<p>(Cuotas con IVA incluido)<\/p>\n<p>* Imprescindible enviar certificado de estudiante para la aplicaci\u00f3n de la cuota<\/p>\n<p>** La cuota de acompa\u00f1ante incluye Cena de Gala y Transporte<\/p>\n<\/div>\n<div><\/div>\n<div><u>Nota Importante sobre Covid-19<\/u><\/div>\n<div>Ser\u00e1 de obligado cumplimiento que todo el que realice una inscripci\u00f3n presencial pueda certificar, a su llegada al Campus de la UJI, que ha recibido la vacunaci\u00f3n pertinente, o demuestra un resultado negativo en PCR y test de ant\u00edgenos. Adem\u00e1s de comprometerse a cumplir con la normativa actual en prevenci\u00f3n de Covid-19 (usar mascarilla cuando corresponda, respetar las distancias, etc.).<\/div>\n<h2><strong><a href=\"https:\/\/www.fueujionline.es\/qrnfue\/fonline\/cong\/acceso_cong.php?idcgrs=959731&amp;idioma=es\" target=\"_blank\" rel=\"noopener\" data-saferedirecturl=\"https:\/\/www.google.com\/url?q=https:\/\/www.fueujionline.es\/qrnfue\/fonline\/cong\/acceso_cong.php?idcgrs%3D959731%26idioma%3Des&amp;source=gmail&amp;ust=1624991688720000&amp;usg=AFQjCNFoLAA82fNYsaCoYQkCqW0V9uHhrA\">ENLACE INSCRIPCION<\/a><\/strong><\/h2>\n","protected":false},"excerpt":{"rendered":"<p>Cuotas de inscripci\u00f3n Hasta el 21 de Julio Desde el 22 de Julio Online exclusivo Presencial Online Asistente CEA 375\u20ac 150\u20ac 200\u20ac Asistente no CEA 435\u20ac 175\u20ac 225\u20ac Estudiante CEA* 275\u20ac 100\u20ac 150\u20ac Estudiante no CEA* 335\u20ac 135\u20ac 185\u20ac Acompa\u00f1ante** [&hellip;]<\/p>\n","protected":false},"author":1,"featured_media":0,"parent":0,"menu_order":0,"comment_status":"closed","ping_status":"closed","template":"","meta":{"_monsterinsights_skip_tracking":false,"_monsterinsights_sitenote_active":false,"_monsterinsights_sitenote_note":"","_monsterinsights_sitenote_category":0},"_links":{"self":[{"href":"https:\/\/jautomatica.es\/2021\/wp-json\/wp\/v2\/pages\/137"}],"collection":[{"href":"https:\/\/jautomatica.es\/2021\/wp-json\/wp\/v2\/pages"}],"about":[{"href":"https:\/\/jautomatica.es\/2021\/wp-json\/wp\/v2\/types\/page"}],"author":[{"embeddable":true,"href":"https:\/\/jautomatica.es\/2021\/wp-json\/wp\/v2\/users\/1"}],"replies":[{"embeddable":true,"href":"https:\/\/jautomatica.es\/2021\/wp-json\/wp\/v2\/comments?post=137"}],"version-history":[{"count":23,"href":"https:\/\/jautomatica.es\/2021\/wp-json\/wp\/v2\/pages\/137\/revisions"}],"predecessor-version":[{"id":2352,"href":"https:\/\/jautomatica.es\/2021\/wp-json\/wp\/v2\/pages\/137\/revisions\/2352"}],"wp:attachment":[{"href":"https:\/\/jautomatica.es\/2021\/wp-json\/wp\/v2\/media?parent=137"}],"curies":[{"name":"wp","href":"https:\/\/api.w.org\/{rel}","templated":true}]}}